{"id":163,"date":"2017-05-25T09:36:11","date_gmt":"2017-05-25T13:36:11","guid":{"rendered":"http:\/\/oap.mf-tested.com\/fr\/our-members\/"},"modified":"2018-02-08T15:57:06","modified_gmt":"2018-02-08T20:57:06","slug":"our-members","status":"publish","type":"page","link":"https:\/\/ottawa-psychologists.org\/fr\/our-members\/","title":{"rendered":"Membres de l\u2019Acad\u00e9mie"},"content":{"rendered":"[vc_row type=&#8221;full_width_content&#8221; full_screen_row_position=&#8221;middle&#8221; scene_position=&#8221;center&#8221; text_color=&#8221;dark&#8221; text_align=&#8221;left&#8221; overlay_strength=&#8221;0.3&#8243;][vc_column column_padding=&#8221;no-extra-padding&#8221; column_padding_position=&#8221;all&#8221; background_color_opacity=&#8221;1&#8243; background_hover_color_opacity=&#8221;1&#8243; column_shadow=&#8221;none&#8221; width=&#8221;1\/1&#8243; tablet_text_alignment=&#8221;default&#8221; phone_text_alignment=&#8221;default&#8221; column_border_width=&#8221;none&#8221; column_border_style=&#8221;solid&#8221;]<div style=\"height: 200px\"  data-transition=\"slide\" data-overall_style=\"classic\" data-flexible-height=\"\" data-animate-in-effect=\"none\" data-fullscreen=\"false\" data-button-sizing=\"regular\" data-button-styling=\"btn_with_count\" data-autorotate=\"\" data-parallax=\"false\" data-full-width=\"false\" class=\"nectar-slider-wrap \" id=\"ns-id-69dff83200b1b\">\r\n\t\t\t<div style=\"height: 200px\" class=\"swiper-container\"  data-tho=\"auto\" data-tco=\"auto\" data-pho=\"auto\" data-pco=\"auto\" data-loop=\"false\" data-height=\"200\" data-min-height=\"\" data-arrows=\"false\" data-bullets=\"false\" data-bullet_style=\"see_through\" data-desktop-swipe=\"false\" data-settings=\"\">\r\n\t\t\t\t    <div class=\"swiper-wrapper\"><div class=\"swiper-slide\" data-bg-alignment=\"center\" data-color-scheme=\"light\" data-x-pos=\"left\" data-y-pos=\"middle\"> \r\n\t\t\t\t\t\t\t\t<div class=\"image-bg\" style=\"background-image: url(https:\/\/ottawa-psychologists.org\/wp-content\/uploads\/2017\/04\/aboout-banner.jpg);\"> &nbsp; <\/div><div class=\"video-texture \"> <span class=\"ie-fix\"><\/span> <\/div><\/div><!--\/swiper-slide--><\/div><div class=\"nectar-slider-loading \"> <span class=\"loading-icon none\">   <\/span> <\/div> <\/div> \r\n\t\t\t\t\r\n\t\t\t<\/div>[\/vc_column][\/vc_row][vc_row type=&#8221;full_width_background&#8221; full_screen_row_position=&#8221;middle&#8221; equal_height=&#8221;yes&#8221; content_placement=&#8221;middle&#8221; bg_color=&#8221;#f4f4f4&#8243; scene_position=&#8221;center&#8221; text_color=&#8221;dark&#8221; text_align=&#8221;left&#8221; overlay_strength=&#8221;0.3&#8243;][vc_column column_padding=&#8221;padding-2-percent&#8221; column_padding_position=&#8221;all&#8221; background_color_opacity=&#8221;1&#8243; background_hover_color_opacity=&#8221;1&#8243; column_shadow=&#8221;none&#8221; width=&#8221;1\/1&#8243; tablet_text_alignment=&#8221;default&#8221; phone_text_alignment=&#8221;default&#8221; column_border_width=&#8221;none&#8221; column_border_style=&#8221;solid&#8221;][vc_column_text]\n<h2>Membres de l\u2019Acad\u00e9mie<\/h2>\n<p>Les membres of l\u2019Acad\u00e9mie de psychologie d\u2019Ottawa sont des psychologues et des associ\u00e9s en psychologie qui travaillent dans la r\u00e9gion d\u2019Ottawa. Ils sont agr\u00e9\u00e9s pour exercer la profession en Ontario, et satisfont aux exigences en mati\u00e8re de formation universitaire et clinique \u00e9tablies par l\u2019Ordre des psychologues de l\u2019Ontario.<\/p>\n<p><strong>Pour \u00eatre agr\u00e9\u00e9 par l\u2019Ordre, il faut :<\/strong><\/p>\n<ul class=\"basic-list-it\">\n<li>Satisfaire aux exigences rigoureuses en mati\u00e8re d\u2019\u00e9tudes et de formation r\u00e9gissant l\u2019acc\u00e8s \u00e0 la profession;<\/li>\n<li>R\u00e9ussir des examens \u00e9crits particuliers;<\/li>\n<li>R\u00e9ussir un examen oral con\u00e7u pour \u00e9valuer l\u2019\u00e9tat de pr\u00e9paration \u00e0 l\u2019exercice de la profession, ainsi que la connaissance de la d\u00e9ontologie et des normes.<\/li>\n<\/ul>\n<p>Certaines personnes sont membres pendant l\u2019ann\u00e9e o\u00f9 elles sont supervis\u00e9es par un psychologue ou un associ\u00e9 en psychologie agr\u00e9\u00e9 suivant l\u2019obtention de leur dipl\u00f4me. Leur client\u00e8le doit \u00eatre inform\u00e9e du fait qu\u2019elles sont supervis\u00e9es. Elles ne peuvent faire partie de notre r\u00e9pertoire en ligne que lorsqu\u2019elles ont \u00e9t\u00e9 agr\u00e9\u00e9es pour exercer la profession de mani\u00e8re autonome.<\/p>\n<p>Enfin, certains membres ont pris leur retraite, mais continuent de s\u2019int\u00e9resser \u00e0 l\u2019Acad\u00e9mie et de participer \u00e0 ses activit\u00e9s.<\/p>\n[\/vc_column_text][\/vc_column][\/vc_row]\n","protected":false},"excerpt":{"rendered":"<p>[vc_row type=&#8221;full_width_content&#8221; full_screen_row_position=&#8221;middle&#8221; scene_position=&#8221;center&#8221; text_color=&#8221;dark&#8221; text_align=&#8221;left&#8221; overlay_strength=&#8221;0.3&#8243;][vc_column column_padding=&#8221;no-extra-padding&#8221; column_padding_position=&#8221;all&#8221; background_color_opacity=&#8221;1&#8243; background_hover_color_opacity=&#8221;1&#8243; column_shadow=&#8221;none&#8221; width=&#8221;1\/1&#8243; tablet_text_alignment=&#8221;default&#8221; phone_text_alignment=&#8221;default&#8221; column_border_width=&#8221;none&#8221; column_border_style=&#8221;solid&#8221;][\/vc_column][\/vc_row][vc_row type=&#8221;full_width_background&#8221; full_screen_row_position=&#8221;middle&#8221; equal_height=&#8221;yes&#8221; content_placement=&#8221;middle&#8221; bg_color=&#8221;#f4f4f4&#8243; scene_position=&#8221;center&#8221; text_color=&#8221;dark&#8221; text_align=&#8221;left&#8221; overlay_strength=&#8221;0.3&#8243;][vc_column column_padding=&#8221;padding-2-percent&#8221; column_padding_position=&#8221;all&#8221; background_color_opacity=&#8221;1&#8243; background_hover_color_opacity=&#8221;1&#8243;&#8230;<\/p>\n","protected":false},"author":1,"featured_media":0,"parent":0,"menu_order":0,"comment_status":"closed","ping_status":"closed","template":"","meta":{"_acf_changed":false,"footnotes":""},"class_list":["post-163","page","type-page","status-publish","hentry"],"acf":[],"yoast_head":"<!-- This site is optimized with the Yoast SEO plugin v26.8 - https:\/\/yoast.com\/product\/yoast-seo-wordpress\/ -->\n<title>Membres de l\u2019Acad\u00e9mie - Ottawa Academy of Psychology<\/title>\n<meta name=\"robots\" content=\"index, follow, max-snippet:-1, max-image-preview:large, max-video-preview:-1\" \/>\n<link rel=\"canonical\" href=\"https:\/\/ottawa-psychologists.org\/fr\/our-members\/\" \/>\n<meta property=\"og:locale\" content=\"fr_FR\" \/>\n<meta property=\"og:type\" content=\"article\" \/>\n<meta property=\"og:title\" content=\"Membres de l\u2019Acad\u00e9mie - Ottawa Academy of Psychology\" \/>\n<meta property=\"og:description\" content=\"[vc_row type=&#8221;full_width_content&#8221; full_screen_row_position=&#8221;middle&#8221; scene_position=&#8221;center&#8221; text_color=&#8221;dark&#8221; text_align=&#8221;left&#8221; overlay_strength=&#8221;0.3&#8243;][vc_column column_padding=&#8221;no-extra-padding&#8221; column_padding_position=&#8221;all&#8221; background_color_opacity=&#8221;1&#8243; background_hover_color_opacity=&#8221;1&#8243; column_shadow=&#8221;none&#8221; width=&#8221;1\/1&#8243; tablet_text_alignment=&#8221;default&#8221; phone_text_alignment=&#8221;default&#8221; column_border_width=&#8221;none&#8221; column_border_style=&#8221;solid&#8221;][\/vc_column][\/vc_row][vc_row type=&#8221;full_width_background&#8221; full_screen_row_position=&#8221;middle&#8221; equal_height=&#8221;yes&#8221; content_placement=&#8221;middle&#8221; bg_color=&#8221;#f4f4f4&#8243; scene_position=&#8221;center&#8221; text_color=&#8221;dark&#8221; text_align=&#8221;left&#8221; overlay_strength=&#8221;0.3&#8243;][vc_column column_padding=&#8221;padding-2-percent&#8221; column_padding_position=&#8221;all&#8221; background_color_opacity=&#8221;1&#8243; background_hover_color_opacity=&#8221;1&#8243;...\" \/>\n<meta property=\"og:url\" content=\"https:\/\/ottawa-psychologists.org\/fr\/our-members\/\" \/>\n<meta property=\"og:site_name\" content=\"Ottawa Academy of Psychology\" \/>\n<meta property=\"article:modified_time\" content=\"2018-02-08T20:57:06+00:00\" \/>\n<meta name=\"twitter:card\" content=\"summary_large_image\" \/>\n<meta name=\"twitter:label1\" content=\"Est. reading time\" \/>\n\t<meta name=\"twitter:data1\" content=\"2 minutes\" \/>\n<script type=\"application\/ld+json\" class=\"yoast-schema-graph\">{\"@context\":\"https:\/\/schema.org\",\"@graph\":[{\"@type\":\"WebPage\",\"@id\":\"https:\/\/ottawa-psychologists.org\/fr\/our-members\/\",\"url\":\"https:\/\/ottawa-psychologists.org\/fr\/our-members\/\",\"name\":\"Membres de l\u2019Acad\u00e9mie - Ottawa Academy of Psychology\",\"isPartOf\":{\"@id\":\"https:\/\/ottawa-psychologists.org\/#website\"},\"datePublished\":\"2017-05-25T13:36:11+00:00\",\"dateModified\":\"2018-02-08T20:57:06+00:00\",\"breadcrumb\":{\"@id\":\"https:\/\/ottawa-psychologists.org\/fr\/our-members\/#breadcrumb\"},\"inLanguage\":\"fr-FR\",\"potentialAction\":[{\"@type\":\"ReadAction\",\"target\":[\"https:\/\/ottawa-psychologists.org\/fr\/our-members\/\"]}]},{\"@type\":\"BreadcrumbList\",\"@id\":\"https:\/\/ottawa-psychologists.org\/fr\/our-members\/#breadcrumb\",\"itemListElement\":[{\"@type\":\"ListItem\",\"position\":1,\"name\":\"Home\",\"item\":\"https:\/\/ottawa-psychologists.org\/fr\/\"},{\"@type\":\"ListItem\",\"position\":2,\"name\":\"Membres de l\u2019Acad\u00e9mie\"}]},{\"@type\":\"WebSite\",\"@id\":\"https:\/\/ottawa-psychologists.org\/#website\",\"url\":\"https:\/\/ottawa-psychologists.org\/\",\"name\":\"Ottawa Academy of Psychology\",\"description\":\"Just another WordPress site\",\"potentialAction\":[{\"@type\":\"SearchAction\",\"target\":{\"@type\":\"EntryPoint\",\"urlTemplate\":\"https:\/\/ottawa-psychologists.org\/?s={search_term_string}\"},\"query-input\":{\"@type\":\"PropertyValueSpecification\",\"valueRequired\":true,\"valueName\":\"search_term_string\"}}],\"inLanguage\":\"fr-FR\"}]}<\/script>\n<!-- \/ Yoast SEO plugin. -->","yoast_head_json":{"title":"Membres de l\u2019Acad\u00e9mie - Ottawa Academy of Psychology","robots":{"index":"index","follow":"follow","max-snippet":"max-snippet:-1","max-image-preview":"max-image-preview:large","max-video-preview":"max-video-preview:-1"},"canonical":"https:\/\/ottawa-psychologists.org\/fr\/our-members\/","og_locale":"fr_FR","og_type":"article","og_title":"Membres de l\u2019Acad\u00e9mie - Ottawa Academy of Psychology","og_description":"[vc_row type=&#8221;full_width_content&#8221; full_screen_row_position=&#8221;middle&#8221; scene_position=&#8221;center&#8221; text_color=&#8221;dark&#8221; text_align=&#8221;left&#8221; overlay_strength=&#8221;0.3&#8243;][vc_column column_padding=&#8221;no-extra-padding&#8221; column_padding_position=&#8221;all&#8221; background_color_opacity=&#8221;1&#8243; background_hover_color_opacity=&#8221;1&#8243; column_shadow=&#8221;none&#8221; width=&#8221;1\/1&#8243; tablet_text_alignment=&#8221;default&#8221; phone_text_alignment=&#8221;default&#8221; column_border_width=&#8221;none&#8221; column_border_style=&#8221;solid&#8221;][\/vc_column][\/vc_row][vc_row type=&#8221;full_width_background&#8221; full_screen_row_position=&#8221;middle&#8221; equal_height=&#8221;yes&#8221; content_placement=&#8221;middle&#8221; bg_color=&#8221;#f4f4f4&#8243; scene_position=&#8221;center&#8221; text_color=&#8221;dark&#8221; text_align=&#8221;left&#8221; overlay_strength=&#8221;0.3&#8243;][vc_column column_padding=&#8221;padding-2-percent&#8221; column_padding_position=&#8221;all&#8221; background_color_opacity=&#8221;1&#8243; background_hover_color_opacity=&#8221;1&#8243;...","og_url":"https:\/\/ottawa-psychologists.org\/fr\/our-members\/","og_site_name":"Ottawa Academy of Psychology","article_modified_time":"2018-02-08T20:57:06+00:00","twitter_card":"summary_large_image","twitter_misc":{"Est. reading time":"2 minutes"},"schema":{"@context":"https:\/\/schema.org","@graph":[{"@type":"WebPage","@id":"https:\/\/ottawa-psychologists.org\/fr\/our-members\/","url":"https:\/\/ottawa-psychologists.org\/fr\/our-members\/","name":"Membres de l\u2019Acad\u00e9mie - Ottawa Academy of Psychology","isPartOf":{"@id":"https:\/\/ottawa-psychologists.org\/#website"},"datePublished":"2017-05-25T13:36:11+00:00","dateModified":"2018-02-08T20:57:06+00:00","breadcrumb":{"@id":"https:\/\/ottawa-psychologists.org\/fr\/our-members\/#breadcrumb"},"inLanguage":"fr-FR","potentialAction":[{"@type":"ReadAction","target":["https:\/\/ottawa-psychologists.org\/fr\/our-members\/"]}]},{"@type":"BreadcrumbList","@id":"https:\/\/ottawa-psychologists.org\/fr\/our-members\/#breadcrumb","itemListElement":[{"@type":"ListItem","position":1,"name":"Home","item":"https:\/\/ottawa-psychologists.org\/fr\/"},{"@type":"ListItem","position":2,"name":"Membres de l\u2019Acad\u00e9mie"}]},{"@type":"WebSite","@id":"https:\/\/ottawa-psychologists.org\/#website","url":"https:\/\/ottawa-psychologists.org\/","name":"Ottawa Academy of Psychology","description":"Just another WordPress site","potentialAction":[{"@type":"SearchAction","target":{"@type":"EntryPoint","urlTemplate":"https:\/\/ottawa-psychologists.org\/?s={search_term_string}"},"query-input":{"@type":"PropertyValueSpecification","valueRequired":true,"valueName":"search_term_string"}}],"inLanguage":"fr-FR"}]}},"_links":{"self":[{"href":"https:\/\/ottawa-psychologists.org\/fr\/wp-json\/wp\/v2\/pages\/163","targetHints":{"allow":["GET"]}}],"collection":[{"href":"https:\/\/ottawa-psychologists.org\/fr\/wp-json\/wp\/v2\/pages"}],"about":[{"href":"https:\/\/ottawa-psychologists.org\/fr\/wp-json\/wp\/v2\/types\/page"}],"author":[{"embeddable":true,"href":"https:\/\/ottawa-psychologists.org\/fr\/wp-json\/wp\/v2\/users\/1"}],"replies":[{"embeddable":true,"href":"https:\/\/ottawa-psychologists.org\/fr\/wp-json\/wp\/v2\/comments?post=163"}],"version-history":[{"count":3,"href":"https:\/\/ottawa-psychologists.org\/fr\/wp-json\/wp\/v2\/pages\/163\/revisions"}],"predecessor-version":[{"id":1238,"href":"https:\/\/ottawa-psychologists.org\/fr\/wp-json\/wp\/v2\/pages\/163\/revisions\/1238"}],"wp:attachment":[{"href":"https:\/\/ottawa-psychologists.org\/fr\/wp-json\/wp\/v2\/media?parent=163"}],"curies":[{"name":"wp","href":"https:\/\/api.w.org\/{rel}","templated":true}]}}