{"id":172,"date":"2017-05-25T10:44:02","date_gmt":"2017-05-25T14:44:02","guid":{"rendered":"http:\/\/oap.mf-tested.com\/fr\/about-psychology\/"},"modified":"2018-02-08T15:56:29","modified_gmt":"2018-02-08T20:56:29","slug":"about-psychology","status":"publish","type":"page","link":"https:\/\/ottawa-psychologists.org\/fr\/about-psychology\/","title":{"rendered":"Au sujet de la psychologie"},"content":{"rendered":"[vc_row type=&#8221;full_width_content&#8221; full_screen_row_position=&#8221;middle&#8221; scene_position=&#8221;center&#8221; text_color=&#8221;dark&#8221; text_align=&#8221;left&#8221; overlay_strength=&#8221;0.3&#8243;][vc_column column_padding=&#8221;no-extra-padding&#8221; column_padding_position=&#8221;all&#8221; background_color_opacity=&#8221;1&#8243; background_hover_color_opacity=&#8221;1&#8243; column_shadow=&#8221;none&#8221; width=&#8221;1\/1&#8243; tablet_text_alignment=&#8221;default&#8221; phone_text_alignment=&#8221;default&#8221; column_border_width=&#8221;none&#8221; column_border_style=&#8221;solid&#8221;]<div style=\"height: 200px\"  data-transition=\"slide\" data-overall_style=\"classic\" data-flexible-height=\"\" data-animate-in-effect=\"none\" data-fullscreen=\"false\" data-button-sizing=\"regular\" data-button-styling=\"btn_with_count\" data-autorotate=\"\" data-parallax=\"false\" data-full-width=\"false\" class=\"nectar-slider-wrap \" id=\"ns-id-69dc27194662b\">\r\n\t\t\t<div style=\"height: 200px\" class=\"swiper-container\"  data-tho=\"auto\" data-tco=\"auto\" data-pho=\"auto\" data-pco=\"auto\" data-loop=\"false\" data-height=\"200\" data-min-height=\"\" data-arrows=\"false\" data-bullets=\"false\" data-bullet_style=\"see_through\" data-desktop-swipe=\"false\" data-settings=\"\">\r\n\t\t\t\t    <div class=\"swiper-wrapper\"><div class=\"swiper-slide\" data-bg-alignment=\"center\" data-color-scheme=\"light\" data-x-pos=\"left\" data-y-pos=\"middle\"> \r\n\t\t\t\t\t\t\t\t<div class=\"image-bg\" style=\"background-image: url(https:\/\/ottawa-psychologists.org\/wp-content\/uploads\/2017\/04\/aboout-banner.jpg);\"> &nbsp; <\/div><div class=\"video-texture \"> <span class=\"ie-fix\"><\/span> <\/div><\/div><!--\/swiper-slide--><\/div><div class=\"nectar-slider-loading \"> <span class=\"loading-icon none\">   <\/span> <\/div> <\/div> \r\n\t\t\t\t\r\n\t\t\t<\/div>[\/vc_column][\/vc_row][vc_row type=&#8221;full_width_background&#8221; full_screen_row_position=&#8221;middle&#8221; equal_height=&#8221;yes&#8221; content_placement=&#8221;middle&#8221; bg_color=&#8221;#f4f4f4&#8243; scene_position=&#8221;center&#8221; text_color=&#8221;dark&#8221; text_align=&#8221;left&#8221; overlay_strength=&#8221;0.3&#8243;][vc_column column_padding=&#8221;padding-2-percent&#8221; column_padding_position=&#8221;all&#8221; background_color_opacity=&#8221;1&#8243; background_hover_color_opacity=&#8221;1&#8243; column_shadow=&#8221;none&#8221; width=&#8221;1\/1&#8243; tablet_text_alignment=&#8221;default&#8221; phone_text_alignment=&#8221;default&#8221; column_border_width=&#8221;none&#8221; column_border_style=&#8221;solid&#8221;][vc_column_text]\n<ul>\n<li><a href=\"#\">Au sujet de la psychologie<\/a><\/li>\n<li><a href=\"#\">Exercice professionnel de la psychologie<\/a><\/li>\n<li><a href=\"#\">Psychologues et associ\u00e9s en psychologie<\/a><\/li>\n<li><a href=\"#\">Pourquoi choisir un fournisseur de services dont la profession est r\u00e9glement\u00e9e?<\/a><\/li>\n<li><a href=\"#\">Quelle est la diff\u00e9rence entre un psychologue et un psychiatre?<\/a><\/li>\n<li><a href=\"#\">Comment peut\u2011on trouver un psychologue ou un associ\u00e9 en psychologie? Comment peut\u2011on obtenir une recommandation?<\/a><\/li>\n<li><a href=\"#\">Qui paie les services de psychologie?<\/a><\/li>\n<\/ul>\n[\/vc_column_text]<div class=\"divider-wrap\"><div style=\"margin-top: 20px; height: 1px; margin-bottom: 20px;\" data-width=\"100%\" data-animate=\"\" data-animation-delay=\"\" data-color=\"default\" class=\"divider-border\"><\/div><\/div><div class=\"toggles accordion\" data-style=\"default\"><div class=\"toggle default\"><h3><a href=\"#\"><i class=\"icon-plus-sign\"><\/i>Au sujet de la psychologie<\/a><\/h3><div>[vc_column_text]La psychologie est \u00e0 la fois une science et un champ d\u2019activit\u00e9 professionnelle. En tant que science, elle peut \u00eatre d\u00e9crite comme l\u2019\u00e9tude des \u00e9motions, de la pens\u00e9e et du comportement humains. Elle comprend l\u2019\u00e9tude de la personnalit\u00e9, de la fa\u00e7on dont les personnes se d\u00e9veloppent du d\u00e9but jusqu\u2019\u00e0 la fin de la vie, des fondements biologiques du comportement, et de la mani\u00e8re dont les \u00eatres humains fonctionnent et s\u2019adaptent dans divers contextes, notamment au travail, dans leur famille et en soci\u00e9t\u00e9. De plus, la psychologie met l\u2019accent sur la compr\u00e9hension des probl\u00e8mes de sant\u00e9 mentale, et sur les liens entre le bien\u2011\u00eatre physique et le bien-\u00eatre mental. Fait important, elle implique la compr\u00e9hension \u00e0 la fois de l\u2019exp\u00e9rience humaine normale et des probl\u00e8mes de sant\u00e9 mentale.[\/vc_column_text]<\/div><\/div><div class=\"toggle default\"><h3><a href=\"#\"><i class=\"icon-plus-sign\"><\/i>Exercice professionnel de la psychologie<\/a><\/h3><div>[vc_column_text]Les professionnels de la psychologie fournissent des services cliniques dans des domaines tels que la psychologie clinique ou de counselling, la neuropsychologie, la psychologie scolaire et la psychologie judiciaire. Les praticiens ont des champs d\u2019exercice d\u00e9termin\u00e9s, travaillant aupr\u00e8s de groupes tels que les enfants, les adolescents, les adultes, les personnes \u00e2g\u00e9es, les couples, les familles et les organisations. Les services dispens\u00e9s consistent notamment \u00e0 faire des \u00e9valuations, \u00e0 poser des diagnostics, \u00e0 effectuer des interventions comme des psychoth\u00e9rapies (ou \u00ab\u00a0th\u00e9rapies\u00a0\u00bb) ax\u00e9es sur un large \u00e9ventail de probl\u00e8mes (y compris les troubles mentaux), ainsi qu\u2019\u00e0 optimiser les relations, la vie professionnelle, le sentiment de satisfaction par rapport \u00e0 la vie en g\u00e9n\u00e9ral, etc. Les psychologues travaillent dans plusieurs milieux, entre autres dans des cabinets priv\u00e9s, des h\u00f4pitaux, des cliniques, des \u00e9coles, des prisons et des installations militaires.<\/p>\n<p>La compr\u00e9hension g\u00e9n\u00e9rale de l\u2019exp\u00e9rience humaine constitue l\u2019un des aspects fondamentaux de la formation des psychologues. Les connaissances de base servent ensuite \u00e0 acqu\u00e9rir une formation pouss\u00e9e en vue de la prestation de services cliniques, comme des th\u00e9rapies, des interventions, et des \u00e9valuations et diagnostics psychologiques. Par exemple, la formation d\u2019un psychologue poss\u00e9dant un doctorat comprend des \u00e9tudes en psychologie de premier cycle dans une universit\u00e9 reconnue, des \u00e9tudes de doctorat comprenant un stage clinique pr\u00e9alable, et une ann\u00e9e d\u2019exercice supervis\u00e9 apr\u00e8s l\u2019obtention du dipl\u00f4me. Ce processus rigoureux n\u00e9cessite g\u00e9n\u00e9ralement 10 ou 11 ann\u00e9es d\u2019\u00e9tude.<\/p>\n<p>Le pr\u00e9sent site Web contient un r\u00e9pertoire interrogeable de psychologues et d\u2019associ\u00e9s en psychologie membres de l\u2019Acad\u00e9mie de psychologie d\u2019Ottawa. Veuillez cliquer ici pour trouver un <a href=\"http:\/\/ottawa-psychologists.org\/fr\/online-directory\/\">psychologue praticien d\u2019Ottawa<\/a>.[\/vc_column_text]<\/div><\/div><div class=\"toggle default\"><h3><a href=\"#\"><i class=\"icon-plus-sign\"><\/i>Psychologues et associ\u00e9s en psychologie<\/a><\/h3><div>[vc_column_text]En Ontario, les praticiens du domaine de la psychologie doivent \u00eatre agr\u00e9\u00e9s par l\u2019Ordre des psychologues de l\u2019Ontario et peuvent porter soit le titre de psychologue, soit celui d\u2019associ\u00e9 en psychologie. Pour porter le titre de <strong>psychologue<\/strong>, il faut poss\u00e9der un doctorat; pour porter celui d\u2019<strong>associ\u00e9 en psychologie<\/strong>, il faut poss\u00e9der une ma\u00eetrise. Qu\u2019ils portent l\u2019un ou l\u2019autre titre, les praticiens offrent un large \u00e9ventail de services cliniques, selon le champ d\u2019activit\u00e9 que l\u2019Ordre des psychologues de l\u2019Ontario a approuv\u00e9 pour chacun.[\/vc_column_text]<\/div><\/div><div class=\"toggle default\"><h3><a href=\"#\"><i class=\"icon-plus-sign\"><\/i>Pourquoi choisir un fournisseur de services dont la profession est r\u00e9glement\u00e9e?<\/a><\/h3><div>[vc_column_text]Les psychologues et les associ\u00e9s en psychologie sont agr\u00e9\u00e9s par l\u2019Ordre des psychologues de l\u2019Ontario pour offrir des services de psychologie dans la province aux termes de la <em>Loi de 1991 sur les professions de la sant\u00e9 r\u00e9glement\u00e9es<\/em>, du Code des professions de la sant\u00e9, \u00e9tabli en vertu de cette loi, et de la <em>Loi de 1991 sur les psychologues<\/em>.<\/p>\n<p>L\u2019<a href=\"http:\/\/www.cpo.on.ca\/\" target=\"_blank\" rel=\"noopener noreferrer\">Ordre des psychologues de l\u2019Ontario<\/a> tient un registre des psychologues et associ\u00e9s en psychologie agr\u00e9\u00e9s, que l\u2019on peut consulter sur son site Web.<\/p>\n<p>Pour \u00eatre agr\u00e9\u00e9, il faut\u00a0:<\/p>\n<ul>\n<li>Satisfaire aux exigences rigoureuses en mati\u00e8re d\u2019\u00e9tudes et de formation r\u00e9gissant l\u2019acc\u00e8s \u00e0 la profession;<\/li>\n<li>R\u00e9ussir un examen \u00e9crit exhaustif normalis\u00e9;<\/li>\n<li>R\u00e9ussir un examen \u00e9crit sur la d\u00e9ontologie et la jurisprudence en Ontario;<\/li>\n<li>R\u00e9ussir un examen oral con\u00e7u pour \u00e9valuer l\u2019\u00e9tat de pr\u00e9paration \u00e0 l\u2019exercice de la profession, ainsi que la connaissance de la d\u00e9ontologie et des normes.<\/li>\n<\/ul>\n<p>Comme fournisseurs de services de sant\u00e9 dont la profession est r\u00e9glement\u00e9e, les psychologues et les associ\u00e9s en psychologie sont tenus d\u2019offrir leurs services avec comp\u00e9tence et professionnalisme et dans le respect de la d\u00e9ontologie, ainsi que de rendre compte au public, par l\u2019interm\u00e9diaire de l\u2019Ordre des psychologues de l\u2019Ontario, du professionnalisme de leur conduite et de leurs activit\u00e9s. \u00c0 titre de membres de l\u2019Ordre, \u00a0les psychologues et les associ\u00e9s en psychologie doivent\u00a0:<\/p>\n<ul>\n<li>Satisfaire aux exigences rigoureuses r\u00e9gissant l\u2019acc\u00e8s \u00e0 la profession;<\/li>\n<li>Respecter des normes, des lignes directrices et des principes de d\u00e9ontologie prescrits;<\/li>\n<li>Participer \u00e0 des activit\u00e9s d\u2019assurance de la qualit\u00e9 afin de continuellement mettre \u00e0 jour et am\u00e9liorer leurs connaissances et leurs comp\u00e9tences.<\/li>\n<\/ul>\n<p>Par contre, l\u2019Ordre n\u2019a aucun pouvoir en ce qui concerne les fournisseurs de services non agr\u00e9\u00e9s. Il n\u2019y a pour ces derniers aucun organisme de r\u00e9glementation qui \u00e9tablit des exigences en mati\u00e8re d\u2019\u00e9ducation, de formation et de comp\u00e9tences, qui adopte des normes professionnelles et de conduite, et qui tient les praticiens responsables des services qu\u2019ils offrent.<\/p>\n<p>Certains psychologues et associ\u00e9s en psychologie emploient des fournisseurs de services non agr\u00e9\u00e9s. Lorsqu\u2019un fournisseur non agr\u00e9\u00e9 est supervis\u00e9 par un professionnel agr\u00e9\u00e9, la responsabilit\u00e9 des services offerts, sur les plans juridique et d\u00e9ontologique, revient \u00e0 ce dernier, ce qui assure la prestation de services professionnels conformes aux normes \u00e9tablies en mati\u00e8re de comp\u00e9tences et de d\u00e9ontologie.[\/vc_column_text]<\/div><\/div><div class=\"toggle default\"><h3><a href=\"#\"><i class=\"icon-plus-sign\"><\/i>Quelle est la diff\u00e9rence entre un psychologue et un psychiatre?<\/a><\/h3><div>[vc_column_text]Les psychologues agr\u00e9\u00e9s comptent environ le m\u00eame nombre d\u2019ann\u00e9es de formation que les psychiatres. Tandis que les psychiatres poss\u00e8dent une formation de base en m\u00e9decine, les psychologues en ont une en d\u00e9veloppement et comportement humains. \u00c9tant donn\u00e9 qu\u2019ils sont des m\u00e9decins, les psychiatres peuvent prescrire des m\u00e9dicaments, ce qui n\u2019est pas le cas des psychologues exer\u00e7ant la profession en Ontario.<\/p>\n<p>Les psychologues offrent des services tels que des th\u00e9rapies individuelles, de groupe, conjugales ou familiales. Ils dispensent \u00e9galement des services d\u2019\u00e9valuation (tests) et de consultation \u00e0 des organisations et des employeurs.[\/vc_column_text]<\/div><\/div><div class=\"toggle default\"><h3><a href=\"#\"><i class=\"icon-plus-sign\"><\/i>Comment peut-on trouver un psychologue ou un associ\u00e9 en psychologie? Comment peut\u2011on obtenir une recommandation? <\/a><\/h3><div>[vc_column_text]Les psychologues et les associ\u00e9s en psychologie acceptent des recommandations de diverses sources, y compris les m\u00e9decins de famille, les psychiatres, les travailleurs sociaux et les avocats. Fait important, les clients peuvent \u00e9galement communiquer directement avec un psychologue pour obtenir un rendez-vous, ce qui leur permet de choisir une personne avec laquelle ils sont \u00e0 l\u2019aise. Il est \u00e0 noter que certains r\u00e9gimes d\u2019assurance-maladie compl\u00e9mentaires exigent que le b\u00e9n\u00e9ficiaire obtienne une recommandation d\u2019un m\u00e9decin pour pr\u00e9senter une demande de remboursement. Il est donc important que les clients v\u00e9rifient les conditions de leur r\u00e9gime.<\/p>\n<p>Il existe plusieurs fa\u00e7ons de trouver un psychologue fournissant les services dont on a besoin. Le <a href=\"http:\/\/ottawa-psychologists.org\/fr\/online-directory\/\">r\u00e9pertoire interrogeable des membres<\/a> de l\u2019Acad\u00e9mie de psychologie d\u2019Ottawa en est une. Au moyen de ce r\u00e9pertoire, vous pouvez circonscrire vos recherches \u00e0 un secteur de la ville ou \u00e0 un domaine d\u2019exercice particulier. Les autres fa\u00e7ons consistent notamment \u00e0 consulter son m\u00e9decin de famille, \u00e0 parcourir les pages jaunes ou \u00e0 effectuer sa propre recherche sur l\u2019Internet.[\/vc_column_text]<\/div><\/div><div class=\"toggle default\"><h3><a href=\"#\"><i class=\"icon-plus-sign\"><\/i>Qui paie les services de psychologie?<\/a><\/h3><div>[vc_column_text]La plupart des r\u00e9gimes d\u2019assurance-maladie compl\u00e9mentaires, tels ceux auxquels souscrivent de nombreux employeurs, fournissent au moins une couverture partielle des services de psychologie aux familles et aux individus. \u00c9tant donn\u00e9 que la protection annuelle maximale varie grandement d\u2019un assureur \u00e0 l\u2019autre, il convient de se renseigner \u00e0 ce sujet aupr\u00e8s de sa compagnie d\u2019assurance.<\/p>\n<p>L\u2019Assurance-sant\u00e9 de l\u2019Ontario ne paie pas le co\u00fbt des services de psychologie offerts \u00e0 l\u2019ext\u00e9rieur des h\u00f4pitaux.[\/vc_column_text]<\/div><\/div><div class=\"toggle default\"><h3><a href=\"#\"><i class=\"icon-plus-sign\"><\/i>Section<\/a><\/h3><div>[vc_column_text][\/vc_column_text]<\/div><\/div><\/div>[\/vc_column][\/vc_row]\n","protected":false},"excerpt":{"rendered":"<p>[vc_row type=&#8221;full_width_content&#8221; full_screen_row_position=&#8221;middle&#8221; scene_position=&#8221;center&#8221; text_color=&#8221;dark&#8221; text_align=&#8221;left&#8221; overlay_strength=&#8221;0.3&#8243;][vc_column column_padding=&#8221;no-extra-padding&#8221; column_padding_position=&#8221;all&#8221; background_color_opacity=&#8221;1&#8243; background_hover_color_opacity=&#8221;1&#8243; column_shadow=&#8221;none&#8221; width=&#8221;1\/1&#8243; tablet_text_alignment=&#8221;default&#8221; phone_text_alignment=&#8221;default&#8221; column_border_width=&#8221;none&#8221; column_border_style=&#8221;solid&#8221;][\/vc_column][\/vc_row][vc_row type=&#8221;full_width_background&#8221; full_screen_row_position=&#8221;middle&#8221; equal_height=&#8221;yes&#8221; content_placement=&#8221;middle&#8221; bg_color=&#8221;#f4f4f4&#8243; scene_position=&#8221;center&#8221; text_color=&#8221;dark&#8221; text_align=&#8221;left&#8221; overlay_strength=&#8221;0.3&#8243;][vc_column column_padding=&#8221;padding-2-percent&#8221; column_padding_position=&#8221;all&#8221; background_color_opacity=&#8221;1&#8243; background_hover_color_opacity=&#8221;1&#8243;&#8230;<\/p>\n","protected":false},"author":1,"featured_media":0,"parent":0,"menu_order":0,"comment_status":"closed","ping_status":"closed","template":"","meta":{"_acf_changed":false,"footnotes":""},"class_list":["post-172","page","type-page","status-publish","hentry"],"acf":[],"yoast_head":"<!-- This site is optimized with the Yoast SEO plugin v26.8 - https:\/\/yoast.com\/product\/yoast-seo-wordpress\/ -->\n<title>Au sujet de la psychologie - Ottawa Academy of Psychology<\/title>\n<meta name=\"robots\" content=\"index, follow, max-snippet:-1, max-image-preview:large, max-video-preview:-1\" \/>\n<link rel=\"canonical\" href=\"https:\/\/ottawa-psychologists.org\/fr\/about-psychology\/\" \/>\n<meta property=\"og:locale\" content=\"fr_FR\" \/>\n<meta property=\"og:type\" content=\"article\" \/>\n<meta property=\"og:title\" content=\"Au sujet de la psychologie - Ottawa Academy of Psychology\" \/>\n<meta property=\"og:description\" content=\"[vc_row type=&#8221;full_width_content&#8221; full_screen_row_position=&#8221;middle&#8221; scene_position=&#8221;center&#8221; text_color=&#8221;dark&#8221; text_align=&#8221;left&#8221; overlay_strength=&#8221;0.3&#8243;][vc_column column_padding=&#8221;no-extra-padding&#8221; column_padding_position=&#8221;all&#8221; background_color_opacity=&#8221;1&#8243; background_hover_color_opacity=&#8221;1&#8243; column_shadow=&#8221;none&#8221; width=&#8221;1\/1&#8243; tablet_text_alignment=&#8221;default&#8221; phone_text_alignment=&#8221;default&#8221; column_border_width=&#8221;none&#8221; column_border_style=&#8221;solid&#8221;][\/vc_column][\/vc_row][vc_row type=&#8221;full_width_background&#8221; full_screen_row_position=&#8221;middle&#8221; equal_height=&#8221;yes&#8221; content_placement=&#8221;middle&#8221; bg_color=&#8221;#f4f4f4&#8243; scene_position=&#8221;center&#8221; text_color=&#8221;dark&#8221; text_align=&#8221;left&#8221; overlay_strength=&#8221;0.3&#8243;][vc_column column_padding=&#8221;padding-2-percent&#8221; column_padding_position=&#8221;all&#8221; background_color_opacity=&#8221;1&#8243; background_hover_color_opacity=&#8221;1&#8243;...\" \/>\n<meta property=\"og:url\" content=\"https:\/\/ottawa-psychologists.org\/fr\/about-psychology\/\" \/>\n<meta property=\"og:site_name\" content=\"Ottawa Academy of Psychology\" \/>\n<meta property=\"article:modified_time\" content=\"2018-02-08T20:56:29+00:00\" \/>\n<meta name=\"twitter:card\" content=\"summary_large_image\" \/>\n<meta name=\"twitter:label1\" content=\"Est. reading time\" \/>\n\t<meta name=\"twitter:data1\" content=\"9 minutes\" \/>\n<script type=\"application\/ld+json\" class=\"yoast-schema-graph\">{\"@context\":\"https:\/\/schema.org\",\"@graph\":[{\"@type\":\"WebPage\",\"@id\":\"https:\/\/ottawa-psychologists.org\/fr\/about-psychology\/\",\"url\":\"https:\/\/ottawa-psychologists.org\/fr\/about-psychology\/\",\"name\":\"Au sujet de la psychologie - Ottawa Academy of Psychology\",\"isPartOf\":{\"@id\":\"https:\/\/ottawa-psychologists.org\/#website\"},\"datePublished\":\"2017-05-25T14:44:02+00:00\",\"dateModified\":\"2018-02-08T20:56:29+00:00\",\"breadcrumb\":{\"@id\":\"https:\/\/ottawa-psychologists.org\/fr\/about-psychology\/#breadcrumb\"},\"inLanguage\":\"fr-FR\",\"potentialAction\":[{\"@type\":\"ReadAction\",\"target\":[\"https:\/\/ottawa-psychologists.org\/fr\/about-psychology\/\"]}]},{\"@type\":\"BreadcrumbList\",\"@id\":\"https:\/\/ottawa-psychologists.org\/fr\/about-psychology\/#breadcrumb\",\"itemListElement\":[{\"@type\":\"ListItem\",\"position\":1,\"name\":\"Home\",\"item\":\"https:\/\/ottawa-psychologists.org\/fr\/\"},{\"@type\":\"ListItem\",\"position\":2,\"name\":\"Au sujet de la psychologie\"}]},{\"@type\":\"WebSite\",\"@id\":\"https:\/\/ottawa-psychologists.org\/#website\",\"url\":\"https:\/\/ottawa-psychologists.org\/\",\"name\":\"Ottawa Academy of Psychology\",\"description\":\"Just another WordPress site\",\"potentialAction\":[{\"@type\":\"SearchAction\",\"target\":{\"@type\":\"EntryPoint\",\"urlTemplate\":\"https:\/\/ottawa-psychologists.org\/?s={search_term_string}\"},\"query-input\":{\"@type\":\"PropertyValueSpecification\",\"valueRequired\":true,\"valueName\":\"search_term_string\"}}],\"inLanguage\":\"fr-FR\"}]}<\/script>\n<!-- \/ Yoast SEO plugin. -->","yoast_head_json":{"title":"Au sujet de la psychologie - Ottawa Academy of Psychology","robots":{"index":"index","follow":"follow","max-snippet":"max-snippet:-1","max-image-preview":"max-image-preview:large","max-video-preview":"max-video-preview:-1"},"canonical":"https:\/\/ottawa-psychologists.org\/fr\/about-psychology\/","og_locale":"fr_FR","og_type":"article","og_title":"Au sujet de la psychologie - Ottawa Academy of Psychology","og_description":"[vc_row type=&#8221;full_width_content&#8221; full_screen_row_position=&#8221;middle&#8221; scene_position=&#8221;center&#8221; text_color=&#8221;dark&#8221; text_align=&#8221;left&#8221; overlay_strength=&#8221;0.3&#8243;][vc_column column_padding=&#8221;no-extra-padding&#8221; column_padding_position=&#8221;all&#8221; background_color_opacity=&#8221;1&#8243; background_hover_color_opacity=&#8221;1&#8243; column_shadow=&#8221;none&#8221; width=&#8221;1\/1&#8243; tablet_text_alignment=&#8221;default&#8221; phone_text_alignment=&#8221;default&#8221; column_border_width=&#8221;none&#8221; column_border_style=&#8221;solid&#8221;][\/vc_column][\/vc_row][vc_row type=&#8221;full_width_background&#8221; full_screen_row_position=&#8221;middle&#8221; equal_height=&#8221;yes&#8221; content_placement=&#8221;middle&#8221; bg_color=&#8221;#f4f4f4&#8243; scene_position=&#8221;center&#8221; text_color=&#8221;dark&#8221; text_align=&#8221;left&#8221; overlay_strength=&#8221;0.3&#8243;][vc_column column_padding=&#8221;padding-2-percent&#8221; column_padding_position=&#8221;all&#8221; background_color_opacity=&#8221;1&#8243; background_hover_color_opacity=&#8221;1&#8243;...","og_url":"https:\/\/ottawa-psychologists.org\/fr\/about-psychology\/","og_site_name":"Ottawa Academy of Psychology","article_modified_time":"2018-02-08T20:56:29+00:00","twitter_card":"summary_large_image","twitter_misc":{"Est. reading time":"9 minutes"},"schema":{"@context":"https:\/\/schema.org","@graph":[{"@type":"WebPage","@id":"https:\/\/ottawa-psychologists.org\/fr\/about-psychology\/","url":"https:\/\/ottawa-psychologists.org\/fr\/about-psychology\/","name":"Au sujet de la psychologie - Ottawa Academy of Psychology","isPartOf":{"@id":"https:\/\/ottawa-psychologists.org\/#website"},"datePublished":"2017-05-25T14:44:02+00:00","dateModified":"2018-02-08T20:56:29+00:00","breadcrumb":{"@id":"https:\/\/ottawa-psychologists.org\/fr\/about-psychology\/#breadcrumb"},"inLanguage":"fr-FR","potentialAction":[{"@type":"ReadAction","target":["https:\/\/ottawa-psychologists.org\/fr\/about-psychology\/"]}]},{"@type":"BreadcrumbList","@id":"https:\/\/ottawa-psychologists.org\/fr\/about-psychology\/#breadcrumb","itemListElement":[{"@type":"ListItem","position":1,"name":"Home","item":"https:\/\/ottawa-psychologists.org\/fr\/"},{"@type":"ListItem","position":2,"name":"Au sujet de la psychologie"}]},{"@type":"WebSite","@id":"https:\/\/ottawa-psychologists.org\/#website","url":"https:\/\/ottawa-psychologists.org\/","name":"Ottawa Academy of Psychology","description":"Just another WordPress site","potentialAction":[{"@type":"SearchAction","target":{"@type":"EntryPoint","urlTemplate":"https:\/\/ottawa-psychologists.org\/?s={search_term_string}"},"query-input":{"@type":"PropertyValueSpecification","valueRequired":true,"valueName":"search_term_string"}}],"inLanguage":"fr-FR"}]}},"_links":{"self":[{"href":"https:\/\/ottawa-psychologists.org\/fr\/wp-json\/wp\/v2\/pages\/172","targetHints":{"allow":["GET"]}}],"collection":[{"href":"https:\/\/ottawa-psychologists.org\/fr\/wp-json\/wp\/v2\/pages"}],"about":[{"href":"https:\/\/ottawa-psychologists.org\/fr\/wp-json\/wp\/v2\/types\/page"}],"author":[{"embeddable":true,"href":"https:\/\/ottawa-psychologists.org\/fr\/wp-json\/wp\/v2\/users\/1"}],"replies":[{"embeddable":true,"href":"https:\/\/ottawa-psychologists.org\/fr\/wp-json\/wp\/v2\/comments?post=172"}],"version-history":[{"count":11,"href":"https:\/\/ottawa-psychologists.org\/fr\/wp-json\/wp\/v2\/pages\/172\/revisions"}],"predecessor-version":[{"id":1237,"href":"https:\/\/ottawa-psychologists.org\/fr\/wp-json\/wp\/v2\/pages\/172\/revisions\/1237"}],"wp:attachment":[{"href":"https:\/\/ottawa-psychologists.org\/fr\/wp-json\/wp\/v2\/media?parent=172"}],"curies":[{"name":"wp","href":"https:\/\/api.w.org\/{rel}","templated":true}]}}