{"id":274,"date":"2017-05-30T10:33:39","date_gmt":"2017-05-30T14:33:39","guid":{"rendered":"http:\/\/oap.mf-tested.com\/fr\/online-directory\/"},"modified":"2020-10-30T12:13:46","modified_gmt":"2020-10-30T16:13:46","slug":"online-directory","status":"publish","type":"page","link":"https:\/\/ottawa-psychologists.org\/fr\/online-directory\/","title":{"rendered":"R\u00e9pertoire en ligne"},"content":{"rendered":"[vc_row type=&#8221;full_width_content&#8221; full_screen_row_position=&#8221;middle&#8221; scene_position=&#8221;center&#8221; text_color=&#8221;dark&#8221; text_align=&#8221;left&#8221; overlay_strength=&#8221;0.3&#8243;][vc_column column_padding=&#8221;no-extra-padding&#8221; column_padding_position=&#8221;all&#8221; background_color_opacity=&#8221;1&#8243; background_hover_color_opacity=&#8221;1&#8243; column_shadow=&#8221;none&#8221; width=&#8221;1\/1&#8243; tablet_text_alignment=&#8221;default&#8221; phone_text_alignment=&#8221;default&#8221; column_border_width=&#8221;none&#8221; column_border_style=&#8221;solid&#8221;]<div style=\"height: 200px\"  data-transition=\"slide\" data-overall_style=\"classic\" data-flexible-height=\"\" data-animate-in-effect=\"none\" data-fullscreen=\"false\" data-button-sizing=\"regular\" data-button-styling=\"btn_with_count\" data-autorotate=\"\" data-parallax=\"false\" data-full-width=\"false\" class=\"nectar-slider-wrap \" id=\"ns-id-69dc128230f61\">\r\n\t\t\t<div style=\"height: 200px\" class=\"swiper-container\"  data-tho=\"auto\" data-tco=\"auto\" data-pho=\"auto\" data-pco=\"auto\" data-loop=\"false\" data-height=\"200\" data-min-height=\"\" data-arrows=\"false\" data-bullets=\"false\" data-bullet_style=\"see_through\" data-desktop-swipe=\"false\" data-settings=\"\">\r\n\t\t\t\t    <div class=\"swiper-wrapper\"><\/div><div class=\"nectar-slider-loading \"> <span class=\"loading-icon none\">   <\/span> <\/div> <\/div> \r\n\t\t\t\t\r\n\t\t\t<\/div>[\/vc_column][\/vc_row][vc_row type=&#8221;in_container&#8221; full_screen_row_position=&#8221;middle&#8221; scene_position=&#8221;center&#8221; text_color=&#8221;dark&#8221; text_align=&#8221;left&#8221; top_padding=&#8221;25&#8243; overlay_strength=&#8221;0.3&#8243;][vc_column column_padding=&#8221;no-extra-padding&#8221; column_padding_position=&#8221;all&#8221; background_color_opacity=&#8221;1&#8243; background_hover_color_opacity=&#8221;1&#8243; column_shadow=&#8221;none&#8221; width=&#8221;1\/1&#8243; tablet_text_alignment=&#8221;default&#8221; phone_text_alignment=&#8221;default&#8221; column_border_width=&#8221;none&#8221; column_border_style=&#8221;solid&#8221;][vc_column_text]\n<h2>R\u00e9pertoire en ligne<\/h2>\n<div class=\"right-nav\">\n<form method=\"post\">\n<div class=\"login_caption\">\n<p>Nous sommes heureux de vous pr\u00e9senter le r\u00e9pertoire en ligne de l\u2019Acad\u00e9mie de psychologie d\u2019Ottawa (APO), liste des <a href=\"http:\/\/oap.mf-tested.com\/fr\/about-psychology\/\">psychologues et associ\u00e9s en psychologie<\/a> de la r\u00e9gion d\u2019Ottawa membres de cet organisme.<\/p>\n<p>Sil<\/p>\n<p>Pour trouver facilement un praticien, vous pouvez soit consulter la liste alphab\u00e9tique ci\u2011dessous, soit utiliser les fonctions de recherche par domaine d\u2019exercice ou par secteur d\u2019Ottawa. Pour que son nom figure dans le r\u00e9pertoire, un praticien doit prouver qu\u2019il est membre de l\u2019Ordre des psychologues de l\u2019Ontario et que, par cons\u00e9quent, il doit rendre des comptes \u00e0 l\u2019Ordre et respecter les normes d\u2019exercice de cet organisme. Il revient \u00e0 chaque praticien de tenir son profil \u00e0 jour et d\u2019indiquer ses domaines d\u2019exercice.<\/p>\n<p>Bien que l\u2019APO consid\u00e8re la publication de ce r\u00e9pertoire comme un service \u00e0 la population et aux professionnels, elle ne fait aucune affirmation au sujet des membres dont le nom figure dans la liste, si ce n\u2019est qu\u2019ils font partie de l\u2019association. Nous esp\u00e9rons que ce r\u00e9pertoire constituera un outil appropri\u00e9 pour trouver des psychologues praticiens dans la r\u00e9gion d\u2019Ottawa.<\/p>\n<\/div>\n<\/form>\n<\/div>\n[\/vc_column_text][\/vc_column][\/vc_row][vc_row type=&#8221;in_container&#8221; full_screen_row_position=&#8221;middle&#8221; scene_position=&#8221;center&#8221; text_color=&#8221;dark&#8221; text_align=&#8221;left&#8221; overlay_strength=&#8221;0.3&#8243;][vc_column column_padding=&#8221;no-extra-padding&#8221; column_padding_position=&#8221;all&#8221; background_color_opacity=&#8221;1&#8243; background_hover_color_opacity=&#8221;1&#8243; column_shadow=&#8221;none&#8221; width=&#8221;1\/1&#8243; tablet_text_alignment=&#8221;default&#8221; phone_text_alignment=&#8221;default&#8221; column_border_width=&#8221;none&#8221; column_border_style=&#8221;solid&#8221;][vc_column_text]\n<div style=\"padding: 10px 0; border-top: 2px solid #999999;\">\n<div style=\"display: inline-block; width: 49%; vertical-align: top;\">Dr. Lea Acker, C.Psych.<br \/>\nDr. Lea Acker. Psychologist<br \/>\n125 Somerset St. W. Suite 201.<br \/>\nOttawa , ON K2P 0H7<br \/>\nTel. 613-236-5921<br \/>\nFax.613-236-7080<\/div>\n<div style=\"display: inline-block; width: 49%;\"><span class=\"txtBlue\">Region:<\/span> Central<br \/>\n<span class=\"txtBlue\">Languages:<\/span> English<br \/>\n<span class=\"txtBlue\">Population:<\/span>Adult<br \/>\n<span class=\"txtBlue\">Therapy Approach:<\/span> Cognitive\/Behavioural, Psychodynamic\/Analytic<br \/>\n<span class=\"txtBlue\">Areas of Practice:<\/span> depression, anxiety disorders, panic disorder, social anxiety, generalized anxiety &amp; worry, stress management, anger management, incest survivors, women&#8217;s issues, sexual dysfunction, relationship problems, PTSD, trauma\/grief counselling, bi-polar<\/div>\n<\/div>\n<div style=\"padding: 10px 0; border-top: 2px solid #999999;\">\n<div style=\"display: inline-block; width: 49%; vertical-align: top;\">Dr. Sandy Ages , C.Psych.<br \/>\nGilmour Psychological Services<br \/>\n430 Gilmour St.<br \/>\nOttawa , ON K2P0R5<br \/>\nTel. 613-230-4709 Ext. 35<br \/>\nFax.613- 230-8274<\/div>\n<div style=\"display: inline-block; width: 49%;\"><span class=\"txtBlue\">Region:<\/span> Central<br \/>\n<span class=\"txtBlue\">Languages:<\/span> English<br \/>\n<span class=\"txtBlue\">Population:<\/span>Child, Adolescent, Adult<br \/>\n<span class=\"txtBlue\">Therapy Approach:<\/span> Cognitive\/Behavioural, Systemic\/Strategic, Integrative, EMDR<br \/>\n<span class=\"txtBlue\">Areas of Practice:<\/span> incest survivors, women&#8217;s issues, gay\/lesbian issues, relaxation, parenting, depression, anxiety disorders, phobias, panic disorder, social anxiety, generalized anxiety &amp; worry, stress management, anger management, conflict resolution, PTSD, crisis-management, trauma\/grief counselling, separation\/divorce, workplace issues<\/div>\n<\/div>\n<div style=\"padding: 10px 0; border-top: 2px solid #999999;\">\n<div style=\"display: inline-block; width: 49%; vertical-align: top;\">Dr. David Armstrong , C.Psych.<br \/>\nArmstrong Psychological Services<br \/>\nCedarview Health &amp; Wellness, Box 819, 215<br \/>\nVan Buren St.<br \/>\nKemptville , ON K0G 1J0<br \/>\nTel. (613) 258-2231<br \/>\nFax.(613) 258-4903<\/div>\n<div style=\"display: inline-block; width: 49%;\"><span class=\"txtBlue\">Region:<\/span> South<br \/>\n<span class=\"txtBlue\">Languages:<\/span> English<br \/>\n<span class=\"txtBlue\">Population:<\/span>Child, Adolescent, Adult<br \/>\n<span class=\"txtBlue\">Therapy Approach:<\/span> Cognitive\/Behavioural<br \/>\n<span class=\"txtBlue\">depression, anxiety disorders, anger management, psycho-educational testing, psychodiagnostic testing, insomnia, oppositional defiant disorder, autism testing <\/span><\/div>\n<\/div>\n<div style=\"padding: 10px 0; border-top: 2px solid #999999;\">\n<div style=\"display: inline-block; width: 49%; vertical-align: top;\">Dr. Laura Armstrong , C.Psych.<br \/>\nTomorrow Me Psychological Services<br \/>\nSaint Paul University 223 Main Street<br \/>\nOttawa , ON K1S 1C4<br \/>\nTel. 613-236-1393 Ext. 2341<\/div>\n<div style=\"display: inline-block; width: 49%;\"><span class=\"txtBlue\">Region:<\/span> Central<br \/>\n<span class=\"txtBlue\">Languages:<\/span> English<br \/>\n<span class=\"txtBlue\">Population:<\/span>Child, Adolescent, Adult<br \/>\n<span class=\"txtBlue\">Therapy Approach:<\/span> Cognitive\/Behavioural, Existential\/Humanistic, Integrative, Other, Logotherapy, Rational-Emotive Therapy<br \/>\n<span class=\"txtBlue\">Areas of Practice:<\/span>gay\/lesbian issues, spiritual\/religion, depression, anxiety disorders, phobias, panic disorder, obsessive-compulsive disorder, social anxiety, generalized anxiety &amp; worry, stress management, anger management, crisis-management, psycho-educational testing, gifted, psychodiagnostic testing, learning disability<\/div>\n<\/div>\n<div style=\"padding: 10px 0; border-top: 2px solid #999999;\">\n<div style=\"display: inline-block; width: 49%; vertical-align: top;\">Dr. Davina Bakerman , C.Psych.<br \/>\nSaterra Psychological &amp; Counselling Services<br \/>\n208-120 Iber Road<br \/>\nKanata\/Stittsville , ON K2S1E9<br \/>\nTel. (613)867-5037<br \/>\nFax.(613)831-1221<\/div>\n<div style=\"display: inline-block; width: 49%;\"><span class=\"txtBlue\">Region:<\/span> West<br \/>\n<span class=\"txtBlue\">Languages:<\/span> English<br \/>\n<span class=\"txtBlue\">Population:<\/span>Adult<br \/>\n<span class=\"txtBlue\">Therapy Approach:<\/span> Cognitive\/Behavioural, Integrative<br \/>\n<span class=\"txtBlue\">Areas of Practice:<\/span> incest survivors, relaxation, relationship problems, depression, anxiety disorders, phobias, panic disorder, social anxiety, generalized anxiety &amp; worry, stress management, anger management, PTSD, trauma\/grief counselling, psychodiagnostic testing, consultation, assertiveness, emotion regulation, self-esteem, life transitions and adjustments<\/div>\n<\/div>\n[\/vc_column_text][\/vc_column][\/vc_row]\n","protected":false},"excerpt":{"rendered":"<p>[vc_row type=&#8221;full_width_content&#8221; full_screen_row_position=&#8221;middle&#8221; scene_position=&#8221;center&#8221; text_color=&#8221;dark&#8221; text_align=&#8221;left&#8221; overlay_strength=&#8221;0.3&#8243;][vc_column column_padding=&#8221;no-extra-padding&#8221; column_padding_position=&#8221;all&#8221; background_color_opacity=&#8221;1&#8243; background_hover_color_opacity=&#8221;1&#8243; column_shadow=&#8221;none&#8221; width=&#8221;1\/1&#8243; tablet_text_alignment=&#8221;default&#8221; phone_text_alignment=&#8221;default&#8221; column_border_width=&#8221;none&#8221; column_border_style=&#8221;solid&#8221;][\/vc_column][\/vc_row][vc_row type=&#8221;in_container&#8221; full_screen_row_position=&#8221;middle&#8221; scene_position=&#8221;center&#8221; text_color=&#8221;dark&#8221; text_align=&#8221;left&#8221; top_padding=&#8221;25&#8243; overlay_strength=&#8221;0.3&#8243;][vc_column column_padding=&#8221;no-extra-padding&#8221; column_padding_position=&#8221;all&#8221; background_color_opacity=&#8221;1&#8243; background_hover_color_opacity=&#8221;1&#8243; column_shadow=&#8221;none&#8221; width=&#8221;1\/1&#8243;&#8230;<\/p>\n","protected":false},"author":1,"featured_media":0,"parent":0,"menu_order":0,"comment_status":"closed","ping_status":"closed","template":"page-online-directory-revised.php","meta":{"_acf_changed":false,"footnotes":""},"class_list":["post-274","page","type-page","status-publish","hentry"],"acf":[],"yoast_head":"<!-- This site is optimized with the Yoast SEO plugin v26.8 - https:\/\/yoast.com\/product\/yoast-seo-wordpress\/ -->\n<title>R\u00e9pertoire en ligne - Ottawa Academy of Psychology<\/title>\n<meta name=\"robots\" content=\"index, follow, max-snippet:-1, max-image-preview:large, max-video-preview:-1\" \/>\n<link rel=\"canonical\" href=\"https:\/\/ottawa-psychologists.org\/fr\/online-directory\/\" \/>\n<meta property=\"og:locale\" content=\"fr_FR\" \/>\n<meta property=\"og:type\" content=\"article\" \/>\n<meta property=\"og:title\" content=\"R\u00e9pertoire en ligne - Ottawa Academy of Psychology\" \/>\n<meta property=\"og:description\" content=\"[vc_row type=&#8221;full_width_content&#8221; full_screen_row_position=&#8221;middle&#8221; scene_position=&#8221;center&#8221; text_color=&#8221;dark&#8221; text_align=&#8221;left&#8221; overlay_strength=&#8221;0.3&#8243;][vc_column column_padding=&#8221;no-extra-padding&#8221; column_padding_position=&#8221;all&#8221; background_color_opacity=&#8221;1&#8243; background_hover_color_opacity=&#8221;1&#8243; column_shadow=&#8221;none&#8221; width=&#8221;1\/1&#8243; tablet_text_alignment=&#8221;default&#8221; phone_text_alignment=&#8221;default&#8221; column_border_width=&#8221;none&#8221; column_border_style=&#8221;solid&#8221;][\/vc_column][\/vc_row][vc_row type=&#8221;in_container&#8221; full_screen_row_position=&#8221;middle&#8221; scene_position=&#8221;center&#8221; text_color=&#8221;dark&#8221; text_align=&#8221;left&#8221; top_padding=&#8221;25&#8243; overlay_strength=&#8221;0.3&#8243;][vc_column column_padding=&#8221;no-extra-padding&#8221; column_padding_position=&#8221;all&#8221; background_color_opacity=&#8221;1&#8243; background_hover_color_opacity=&#8221;1&#8243; column_shadow=&#8221;none&#8221; width=&#8221;1\/1&#8243;...\" \/>\n<meta property=\"og:url\" content=\"https:\/\/ottawa-psychologists.org\/fr\/online-directory\/\" \/>\n<meta property=\"og:site_name\" content=\"Ottawa Academy of Psychology\" \/>\n<meta property=\"article:modified_time\" content=\"2020-10-30T16:13:46+00:00\" \/>\n<meta name=\"twitter:card\" content=\"summary_large_image\" \/>\n<meta name=\"twitter:label1\" content=\"Est. reading time\" \/>\n\t<meta name=\"twitter:data1\" content=\"4 minutes\" \/>\n<script type=\"application\/ld+json\" class=\"yoast-schema-graph\">{\"@context\":\"https:\/\/schema.org\",\"@graph\":[{\"@type\":\"WebPage\",\"@id\":\"https:\/\/ottawa-psychologists.org\/fr\/online-directory\/\",\"url\":\"https:\/\/ottawa-psychologists.org\/fr\/online-directory\/\",\"name\":\"R\u00e9pertoire en ligne - Ottawa Academy of Psychology\",\"isPartOf\":{\"@id\":\"https:\/\/ottawa-psychologists.org\/#website\"},\"datePublished\":\"2017-05-30T14:33:39+00:00\",\"dateModified\":\"2020-10-30T16:13:46+00:00\",\"breadcrumb\":{\"@id\":\"https:\/\/ottawa-psychologists.org\/fr\/online-directory\/#breadcrumb\"},\"inLanguage\":\"fr-FR\",\"potentialAction\":[{\"@type\":\"ReadAction\",\"target\":[\"https:\/\/ottawa-psychologists.org\/fr\/online-directory\/\"]}]},{\"@type\":\"BreadcrumbList\",\"@id\":\"https:\/\/ottawa-psychologists.org\/fr\/online-directory\/#breadcrumb\",\"itemListElement\":[{\"@type\":\"ListItem\",\"position\":1,\"name\":\"Home\",\"item\":\"https:\/\/ottawa-psychologists.org\/fr\/\"},{\"@type\":\"ListItem\",\"position\":2,\"name\":\"R\u00e9pertoire en ligne\"}]},{\"@type\":\"WebSite\",\"@id\":\"https:\/\/ottawa-psychologists.org\/#website\",\"url\":\"https:\/\/ottawa-psychologists.org\/\",\"name\":\"Ottawa Academy of Psychology\",\"description\":\"Just another WordPress site\",\"potentialAction\":[{\"@type\":\"SearchAction\",\"target\":{\"@type\":\"EntryPoint\",\"urlTemplate\":\"https:\/\/ottawa-psychologists.org\/?s={search_term_string}\"},\"query-input\":{\"@type\":\"PropertyValueSpecification\",\"valueRequired\":true,\"valueName\":\"search_term_string\"}}],\"inLanguage\":\"fr-FR\"}]}<\/script>\n<!-- \/ Yoast SEO plugin. -->","yoast_head_json":{"title":"R\u00e9pertoire en ligne - Ottawa Academy of Psychology","robots":{"index":"index","follow":"follow","max-snippet":"max-snippet:-1","max-image-preview":"max-image-preview:large","max-video-preview":"max-video-preview:-1"},"canonical":"https:\/\/ottawa-psychologists.org\/fr\/online-directory\/","og_locale":"fr_FR","og_type":"article","og_title":"R\u00e9pertoire en ligne - Ottawa Academy of Psychology","og_description":"[vc_row type=&#8221;full_width_content&#8221; full_screen_row_position=&#8221;middle&#8221; scene_position=&#8221;center&#8221; text_color=&#8221;dark&#8221; text_align=&#8221;left&#8221; overlay_strength=&#8221;0.3&#8243;][vc_column column_padding=&#8221;no-extra-padding&#8221; column_padding_position=&#8221;all&#8221; background_color_opacity=&#8221;1&#8243; background_hover_color_opacity=&#8221;1&#8243; column_shadow=&#8221;none&#8221; width=&#8221;1\/1&#8243; tablet_text_alignment=&#8221;default&#8221; phone_text_alignment=&#8221;default&#8221; column_border_width=&#8221;none&#8221; column_border_style=&#8221;solid&#8221;][\/vc_column][\/vc_row][vc_row type=&#8221;in_container&#8221; full_screen_row_position=&#8221;middle&#8221; scene_position=&#8221;center&#8221; text_color=&#8221;dark&#8221; text_align=&#8221;left&#8221; top_padding=&#8221;25&#8243; overlay_strength=&#8221;0.3&#8243;][vc_column column_padding=&#8221;no-extra-padding&#8221; column_padding_position=&#8221;all&#8221; background_color_opacity=&#8221;1&#8243; background_hover_color_opacity=&#8221;1&#8243; column_shadow=&#8221;none&#8221; width=&#8221;1\/1&#8243;...","og_url":"https:\/\/ottawa-psychologists.org\/fr\/online-directory\/","og_site_name":"Ottawa Academy of Psychology","article_modified_time":"2020-10-30T16:13:46+00:00","twitter_card":"summary_large_image","twitter_misc":{"Est. reading time":"4 minutes"},"schema":{"@context":"https:\/\/schema.org","@graph":[{"@type":"WebPage","@id":"https:\/\/ottawa-psychologists.org\/fr\/online-directory\/","url":"https:\/\/ottawa-psychologists.org\/fr\/online-directory\/","name":"R\u00e9pertoire en ligne - Ottawa Academy of Psychology","isPartOf":{"@id":"https:\/\/ottawa-psychologists.org\/#website"},"datePublished":"2017-05-30T14:33:39+00:00","dateModified":"2020-10-30T16:13:46+00:00","breadcrumb":{"@id":"https:\/\/ottawa-psychologists.org\/fr\/online-directory\/#breadcrumb"},"inLanguage":"fr-FR","potentialAction":[{"@type":"ReadAction","target":["https:\/\/ottawa-psychologists.org\/fr\/online-directory\/"]}]},{"@type":"BreadcrumbList","@id":"https:\/\/ottawa-psychologists.org\/fr\/online-directory\/#breadcrumb","itemListElement":[{"@type":"ListItem","position":1,"name":"Home","item":"https:\/\/ottawa-psychologists.org\/fr\/"},{"@type":"ListItem","position":2,"name":"R\u00e9pertoire en ligne"}]},{"@type":"WebSite","@id":"https:\/\/ottawa-psychologists.org\/#website","url":"https:\/\/ottawa-psychologists.org\/","name":"Ottawa Academy of Psychology","description":"Just another WordPress site","potentialAction":[{"@type":"SearchAction","target":{"@type":"EntryPoint","urlTemplate":"https:\/\/ottawa-psychologists.org\/?s={search_term_string}"},"query-input":{"@type":"PropertyValueSpecification","valueRequired":true,"valueName":"search_term_string"}}],"inLanguage":"fr-FR"}]}},"_links":{"self":[{"href":"https:\/\/ottawa-psychologists.org\/fr\/wp-json\/wp\/v2\/pages\/274","targetHints":{"allow":["GET"]}}],"collection":[{"href":"https:\/\/ottawa-psychologists.org\/fr\/wp-json\/wp\/v2\/pages"}],"about":[{"href":"https:\/\/ottawa-psychologists.org\/fr\/wp-json\/wp\/v2\/types\/page"}],"author":[{"embeddable":true,"href":"https:\/\/ottawa-psychologists.org\/fr\/wp-json\/wp\/v2\/users\/1"}],"replies":[{"embeddable":true,"href":"https:\/\/ottawa-psychologists.org\/fr\/wp-json\/wp\/v2\/comments?post=274"}],"version-history":[{"count":4,"href":"https:\/\/ottawa-psychologists.org\/fr\/wp-json\/wp\/v2\/pages\/274\/revisions"}],"predecessor-version":[{"id":1704,"href":"https:\/\/ottawa-psychologists.org\/fr\/wp-json\/wp\/v2\/pages\/274\/revisions\/1704"}],"wp:attachment":[{"href":"https:\/\/ottawa-psychologists.org\/fr\/wp-json\/wp\/v2\/media?parent=274"}],"curies":[{"name":"wp","href":"https:\/\/api.w.org\/{rel}","templated":true}]}}